{"id":998,"date":"2022-01-28T16:45:50","date_gmt":"2022-01-28T15:45:50","guid":{"rendered":"http:\/\/local-annabelbenhaim\/?page_id=998"},"modified":"2022-02-21T15:56:11","modified_gmt":"2022-02-21T14:56:11","slug":"mard","status":"publish","type":"page","link":"https:\/\/annabelbenhaim.com\/fr\/mard\/","title":{"rendered":"MARD"},"content":{"rendered":"\t\t<div data-elementor-type=\"wp-page\" data-elementor-id=\"998\" class=\"elementor elementor-998\">\n\t\t\t\t\t\t<div class=\"elementor-inner\">\n\t\t\t\t<div class=\"elementor-section-wrap\">\n\t\t\t\t\t\t\t\t\t<section class=\"elementor-section elementor-top-section elementor-element elementor-element-f663362 elementor-section-full_width elementor-section-height-default elementor-section-height-default exad-glass-effect-no exad-sticky-section-no\" data-id=\"f663362\" data-element_type=\"section\" data-settings=\"{&quot;background_background&quot;:&quot;classic&quot;}\">\n\t\t\t\t\t\t\t<div class=\"elementor-background-overlay\"><\/div>\n\t\t\t\t\t\t\t<div class=\"elementor-container elementor-column-gap-default\">\n\t\t\t\t\t\t\t<div class=\"elementor-row\">\n\t\t\t\t\t<div class=\"elementor-column elementor-col-100 elementor-top-column elementor-element elementor-element-8c87488 exad-glass-effect-no exad-sticky-section-no\" data-id=\"8c87488\" data-element_type=\"column\">\n\t\t\t<div class=\"elementor-column-wrap elementor-element-populated\">\n\t\t\t\t\t\t\t<div class=\"elementor-widget-wrap\">\n\t\t\t\t\t\t<div class=\"elementor-element elementor-element-5db9432 elementor-nav-menu__align-left elementor-nav-menu--dropdown-none exad-sticky-section-no exad-glass-effect-no elementor-widget elementor-widget-nav-menu\" data-id=\"5db9432\" data-element_type=\"widget\" id=\"navModesAlternatifs\" data-settings=\"{&quot;layout&quot;:&quot;horizontal&quot;,&quot;submenu_icon&quot;:{&quot;value&quot;:&quot;&lt;i class=\\&quot;fas fa-caret-down\\&quot;&gt;&lt;\\\/i&gt;&quot;,&quot;library&quot;:&quot;fa-solid&quot;}}\" data-widget_type=\"nav-menu.default\">\n\t\t\t\t<div class=\"elementor-widget-container\">\n\t\t\t\t\t\t<nav migration_allowed=\"1\" migrated=\"0\" role=\"navigation\" class=\"elementor-nav-menu--main elementor-nav-menu__container elementor-nav-menu--layout-horizontal e--pointer-background e--animation-fade\">\n\t\t\t\t<ul id=\"menu-1-5db9432\" class=\"elementor-nav-menu\"><li class=\"menu-item menu-item-type-post_type menu-item-object-page menu-item-997\"><a href=\"https:\/\/annabelbenhaim.com\/fr\/arbitrage\/\" class=\"elementor-item\">Arbitrage<\/a><\/li>\n<li class=\"menu-item menu-item-type-post_type menu-item-object-page menu-item-1001\"><a href=\"https:\/\/annabelbenhaim.com\/fr\/mard\/\" class=\"elementor-item\">MARD<\/a><\/li>\n<\/ul>\t\t\t<\/nav>\n\t\t\t\t\t<div class=\"elementor-menu-toggle\" role=\"button\" tabindex=\"0\" aria-label=\"Permuter le menu\" aria-expanded=\"false\">\n\t\t\t<i aria-hidden=\"true\" role=\"presentation\" class=\"elementor-menu-toggle__icon--open eicon-menu-bar\"><\/i><i aria-hidden=\"true\" role=\"presentation\" class=\"elementor-menu-toggle__icon--close eicon-close\"><\/i>\t\t\t<span class=\"elementor-screen-only\">Menu<\/span>\n\t\t<\/div>\n\t\t\t<nav class=\"elementor-nav-menu--dropdown elementor-nav-menu__container\" role=\"navigation\" aria-hidden=\"true\">\n\t\t\t\t<ul id=\"menu-2-5db9432\" class=\"elementor-nav-menu\"><li class=\"menu-item menu-item-type-post_type menu-item-object-page menu-item-997\"><a href=\"https:\/\/annabelbenhaim.com\/fr\/arbitrage\/\" class=\"elementor-item\" tabindex=\"-1\">Arbitrage<\/a><\/li>\n<li class=\"menu-item menu-item-type-post_type menu-item-object-page menu-item-1001\"><a href=\"https:\/\/annabelbenhaim.com\/fr\/mard\/\" class=\"elementor-item\" tabindex=\"-1\">MARD<\/a><\/li>\n<\/ul>\t\t\t<\/nav>\n\t\t\t\t<\/div>\n\t\t\t\t<\/div>\n\t\t\t\t<div class=\"elementor-element elementor-element-3533628 exad-sticky-section-no exad-glass-effect-no elementor-widget elementor-widget-heading\" data-id=\"3533628\" data-element_type=\"widget\" data-widget_type=\"heading.default\">\n\t\t\t\t<div class=\"elementor-widget-container\">\n\t\t\t<h2 class=\"elementor-heading-title elementor-size-default\">Les MARD<\/h2>\t\t<\/div>\n\t\t\t\t<\/div>\n\t\t\t\t<div class=\"elementor-element elementor-element-9b4480e exad-sticky-section-no exad-glass-effect-no elementor-widget elementor-widget-heading\" data-id=\"9b4480e\" data-element_type=\"widget\" data-widget_type=\"heading.default\">\n\t\t\t\t<div class=\"elementor-widget-container\">\n\t\t\t<h3 class=\"elementor-heading-title elementor-size-default\">Modes Alternatifs des R\u00e8glements diff\u00e9rents<\/h3>\t\t<\/div>\n\t\t\t\t<\/div>\n\t\t\t\t<div class=\"elementor-element elementor-element-ca5f26d exad-sticky-section-no exad-glass-effect-no elementor-widget elementor-widget-image\" data-id=\"ca5f26d\" data-element_type=\"widget\" data-widget_type=\"image.default\">\n\t\t\t\t<div class=\"elementor-widget-container\">\n\t\t\t\t\t\t\t\t<div class=\"elementor-image\">\n\t\t\t\t\t\t\t\t\t\t\t\t<img width=\"1\" height=\"1\" src=\"https:\/\/annabelbenhaim.com\/wp-content\/uploads\/2022\/01\/icone-mard.svg\" class=\"attachment-medium size-medium\" alt=\"\" loading=\"lazy\" \/>\t\t\t\t\t\t\t\t\t\t\t\t\t\t<\/div>\n\t\t\t\t\t\t<\/div>\n\t\t\t\t<\/div>\n\t\t\t\t<div class=\"elementor-element elementor-element-7b9957c exad-sticky-section-no exad-glass-effect-no elementor-widget elementor-widget-text-editor\" data-id=\"7b9957c\" data-element_type=\"widget\" data-widget_type=\"text-editor.default\">\n\t\t\t\t<div class=\"elementor-widget-container\">\n\t\t\t\t\t\t\t\t<div class=\"elementor-text-editor elementor-clearfix\">\n\t\t\t\tLes modes alternatifs de r\u00e9solution des diff\u00e9rents.\n\nLes modes alternatifs de r\u00e9solution des diff\u00e9rents sont les nouveaux alli\u00e9s efficaces \u00e0 la r\u00e9solution des litiges.\n\nIl faut distinguer <span class=\"text-semi-bold\">la m\u00e9diation<\/span>, <a href=\"#elementor-action%3Aaction%3Dpopup%3Aopen%26settings%3DeyJpZCI6IjcyMyIsInRvZ2dsZSI6ZmFsc2V9\"><span class=\"text-semi-bold text-yellow\">la conciliation<\/span><\/a>, <span class=\"text-semi-bold\">de la transaction<\/span> ou encore de la <span class=\"text-semi-bold\">n\u00e9gociation<\/span> mais ce sont tous des modes fr\u00e9quents de r\u00e9solution des conflits en France comme \u00e0 l\u2019\u00e9tranger.\t\t\t\t\t<\/div>\n\t\t\t\t\t\t<\/div>\n\t\t\t\t<\/div>\n\t\t\t\t<div class=\"elementor-element elementor-element-fa4c784 elementor-align-center exad-sticky-section-no exad-glass-effect-no elementor-widget elementor-widget-button\" data-id=\"fa4c784\" data-element_type=\"widget\" data-widget_type=\"button.default\">\n\t\t\t\t<div class=\"elementor-widget-container\">\n\t\t\t\t\t<div class=\"elementor-button-wrapper\">\n\t\t\t<a href=\"\/arbitrage\" class=\"elementor-button-link elementor-button elementor-size-sm\" role=\"button\">\n\t\t\t\t\t\t<span class=\"elementor-button-content-wrapper\">\n\t\t\t\t\t\t<span class=\"elementor-button-text\">D\u00e9couvrir l'arbitrage<\/span>\n\t\t<\/span>\n\t\t\t\t\t<\/a>\n\t\t<\/div>\n\t\t\t\t<\/div>\n\t\t\t\t<\/div>\n\t\t\t\t\t\t<\/div>\n\t\t\t\t\t<\/div>\n\t\t<\/div>\n\t\t\t\t\t\t\t\t<\/div>\n\t\t\t\t\t<\/div>\n\t\t<\/section>\n\t\t\t\t\t\t\t\t\t<\/div>\n\t\t\t<\/div>\n\t\t\t\t\t<\/div>\n\t\t","protected":false},"excerpt":{"rendered":"<p>Les MARD Modes Alternatifs des R\u00e8glements diff\u00e9rents Les modes alternatifs de r\u00e9solution des diff\u00e9rents. Les modes alternatifs de r\u00e9solution des diff\u00e9rents sont les nouveaux alli\u00e9s efficaces \u00e0 la r\u00e9solution des litiges. Il faut distinguer la m\u00e9diation, la conciliation, de la transaction ou encore de la n\u00e9gociation mais ce sont tous des modes fr\u00e9quents de r\u00e9solution [&hellip;]<\/p>\n","protected":false},"author":1,"featured_media":0,"parent":0,"menu_order":0,"comment_status":"closed","ping_status":"closed","template":"elementor_header_footer","meta":[],"yoast_head":"<!-- This site is optimized with the Yoast SEO plugin v18.4.1 - https:\/\/yoast.com\/wordpress\/plugins\/seo\/ -->\n<title>MARD - Annabel Benha\u00efm<\/title>\n<meta name=\"robots\" content=\"index, follow, max-snippet:-1, max-image-preview:large, max-video-preview:-1\" \/>\n<link rel=\"canonical\" href=\"https:\/\/annabelbenhaim.com\/fr\/mard\/\" \/>\n<meta property=\"og:locale\" content=\"fr_FR\" \/>\n<meta property=\"og:type\" content=\"article\" \/>\n<meta property=\"og:title\" content=\"MARD - Annabel Benha\u00efm\" \/>\n<meta property=\"og:description\" content=\"Les MARD Modes Alternatifs des R\u00e8glements diff\u00e9rents Les modes alternatifs de r\u00e9solution des diff\u00e9rents. Les modes alternatifs de r\u00e9solution des diff\u00e9rents sont les nouveaux alli\u00e9s efficaces \u00e0 la r\u00e9solution des litiges. Il faut distinguer la m\u00e9diation, la conciliation, de la transaction ou encore de la n\u00e9gociation mais ce sont tous des modes fr\u00e9quents de r\u00e9solution [&hellip;]\" \/>\n<meta property=\"og:url\" content=\"https:\/\/annabelbenhaim.com\/fr\/mard\/\" \/>\n<meta property=\"og:site_name\" content=\"Annabel Benha\u00efm\" \/>\n<meta property=\"article:modified_time\" content=\"2022-02-21T14:56:11+00:00\" \/>\n<meta property=\"og:image\" content=\"https:\/\/preprod-annabelbenhaim.home-construct.online\/wp-content\/uploads\/2022\/01\/icone-mard.svg\" \/>\n<meta name=\"twitter:card\" content=\"summary_large_image\" \/>\n<meta name=\"twitter:label1\" content=\"Dur\u00e9e de lecture estim\u00e9e\" \/>\n\t<meta name=\"twitter:data1\" content=\"1 minute\" \/>\n<script type=\"application\/ld+json\" class=\"yoast-schema-graph\">{\"@context\":\"https:\/\/schema.org\",\"@graph\":[{\"@type\":[\"Person\",\"Organization\"],\"@id\":\"https:\/\/annabelbenhaim.com\/fr\/#\/schema\/person\/e935133cbdfe5e3bfc09c5909d3b6b8d\",\"name\":\"Annabel Benha\u00efm\",\"image\":{\"@type\":\"ImageObject\",\"@id\":\"https:\/\/annabelbenhaim.com\/fr\/#personlogo\",\"inLanguage\":\"fr-FR\",\"url\":\"https:\/\/secure.gravatar.com\/avatar\/ed0e35628909e2320b69223e27e26c48?s=96&d=mm&r=g\",\"contentUrl\":\"https:\/\/secure.gravatar.com\/avatar\/ed0e35628909e2320b69223e27e26c48?s=96&d=mm&r=g\",\"caption\":\"Annabel Benha\u00efm\"},\"logo\":{\"@id\":\"https:\/\/annabelbenhaim.com\/fr\/#personlogo\"},\"sameAs\":[\"http:\/\/annabelbenhaim.com\"]},{\"@type\":\"WebSite\",\"@id\":\"https:\/\/annabelbenhaim.com\/fr\/#website\",\"url\":\"https:\/\/annabelbenhaim.com\/fr\/\",\"name\":\"annabel benhaim\",\"description\":\"Avocat aux Barreaux de Paris et New York\",\"publisher\":{\"@id\":\"https:\/\/annabelbenhaim.com\/fr\/#\/schema\/person\/e935133cbdfe5e3bfc09c5909d3b6b8d\"},\"potentialAction\":[{\"@type\":\"SearchAction\",\"target\":{\"@type\":\"EntryPoint\",\"urlTemplate\":\"https:\/\/annabelbenhaim.com\/fr\/?s={search_term_string}\"},\"query-input\":\"required name=search_term_string\"}],\"inLanguage\":\"fr-FR\"},{\"@type\":\"ImageObject\",\"@id\":\"https:\/\/annabelbenhaim.com\/fr\/mard\/#primaryimage\",\"inLanguage\":\"fr-FR\",\"url\":\"https:\/\/preprod-annabelbenhaim.home-construct.online\/wp-content\/uploads\/2022\/01\/icone-mard.svg\",\"contentUrl\":\"https:\/\/preprod-annabelbenhaim.home-construct.online\/wp-content\/uploads\/2022\/01\/icone-mard.svg\"},{\"@type\":\"WebPage\",\"@id\":\"https:\/\/annabelbenhaim.com\/fr\/mard\/#webpage\",\"url\":\"https:\/\/annabelbenhaim.com\/fr\/mard\/\",\"name\":\"MARD - Annabel Benha\u00efm\",\"isPartOf\":{\"@id\":\"https:\/\/annabelbenhaim.com\/fr\/#website\"},\"primaryImageOfPage\":{\"@id\":\"https:\/\/annabelbenhaim.com\/fr\/mard\/#primaryimage\"},\"datePublished\":\"2022-01-28T15:45:50+00:00\",\"dateModified\":\"2022-02-21T14:56:11+00:00\",\"breadcrumb\":{\"@id\":\"https:\/\/annabelbenhaim.com\/fr\/mard\/#breadcrumb\"},\"inLanguage\":\"fr-FR\",\"potentialAction\":[{\"@type\":\"ReadAction\",\"target\":[\"https:\/\/annabelbenhaim.com\/fr\/mard\/\"]}]},{\"@type\":\"BreadcrumbList\",\"@id\":\"https:\/\/annabelbenhaim.com\/fr\/mard\/#breadcrumb\",\"itemListElement\":[{\"@type\":\"ListItem\",\"position\":1,\"name\":\"Home\",\"item\":\"https:\/\/annabelbenhaim.com\/fr\/\"},{\"@type\":\"ListItem\",\"position\":2,\"name\":\"MARD\"}]}]}<\/script>\n<!-- \/ Yoast SEO plugin. -->","yoast_head_json":{"title":"MARD - Annabel Benha\u00efm","robots":{"index":"index","follow":"follow","max-snippet":"max-snippet:-1","max-image-preview":"max-image-preview:large","max-video-preview":"max-video-preview:-1"},"canonical":"https:\/\/annabelbenhaim.com\/fr\/mard\/","og_locale":"fr_FR","og_type":"article","og_title":"MARD - Annabel Benha\u00efm","og_description":"Les MARD Modes Alternatifs des R\u00e8glements diff\u00e9rents Les modes alternatifs de r\u00e9solution des diff\u00e9rents. Les modes alternatifs de r\u00e9solution des diff\u00e9rents sont les nouveaux alli\u00e9s efficaces \u00e0 la r\u00e9solution des litiges. Il faut distinguer la m\u00e9diation, la conciliation, de la transaction ou encore de la n\u00e9gociation mais ce sont tous des modes fr\u00e9quents de r\u00e9solution [&hellip;]","og_url":"https:\/\/annabelbenhaim.com\/fr\/mard\/","og_site_name":"Annabel Benha\u00efm","article_modified_time":"2022-02-21T14:56:11+00:00","og_image":[{"url":"https:\/\/preprod-annabelbenhaim.home-construct.online\/wp-content\/uploads\/2022\/01\/icone-mard.svg"}],"twitter_card":"summary_large_image","twitter_misc":{"Dur\u00e9e de lecture estim\u00e9e":"1 minute"},"schema":{"@context":"https:\/\/schema.org","@graph":[{"@type":["Person","Organization"],"@id":"https:\/\/annabelbenhaim.com\/fr\/#\/schema\/person\/e935133cbdfe5e3bfc09c5909d3b6b8d","name":"Annabel Benha\u00efm","image":{"@type":"ImageObject","@id":"https:\/\/annabelbenhaim.com\/fr\/#personlogo","inLanguage":"fr-FR","url":"https:\/\/secure.gravatar.com\/avatar\/ed0e35628909e2320b69223e27e26c48?s=96&d=mm&r=g","contentUrl":"https:\/\/secure.gravatar.com\/avatar\/ed0e35628909e2320b69223e27e26c48?s=96&d=mm&r=g","caption":"Annabel Benha\u00efm"},"logo":{"@id":"https:\/\/annabelbenhaim.com\/fr\/#personlogo"},"sameAs":["http:\/\/annabelbenhaim.com"]},{"@type":"WebSite","@id":"https:\/\/annabelbenhaim.com\/fr\/#website","url":"https:\/\/annabelbenhaim.com\/fr\/","name":"annabel benhaim","description":"Avocat aux Barreaux de Paris et New York","publisher":{"@id":"https:\/\/annabelbenhaim.com\/fr\/#\/schema\/person\/e935133cbdfe5e3bfc09c5909d3b6b8d"},"potentialAction":[{"@type":"SearchAction","target":{"@type":"EntryPoint","urlTemplate":"https:\/\/annabelbenhaim.com\/fr\/?s={search_term_string}"},"query-input":"required name=search_term_string"}],"inLanguage":"fr-FR"},{"@type":"ImageObject","@id":"https:\/\/annabelbenhaim.com\/fr\/mard\/#primaryimage","inLanguage":"fr-FR","url":"https:\/\/preprod-annabelbenhaim.home-construct.online\/wp-content\/uploads\/2022\/01\/icone-mard.svg","contentUrl":"https:\/\/preprod-annabelbenhaim.home-construct.online\/wp-content\/uploads\/2022\/01\/icone-mard.svg"},{"@type":"WebPage","@id":"https:\/\/annabelbenhaim.com\/fr\/mard\/#webpage","url":"https:\/\/annabelbenhaim.com\/fr\/mard\/","name":"MARD - Annabel Benha\u00efm","isPartOf":{"@id":"https:\/\/annabelbenhaim.com\/fr\/#website"},"primaryImageOfPage":{"@id":"https:\/\/annabelbenhaim.com\/fr\/mard\/#primaryimage"},"datePublished":"2022-01-28T15:45:50+00:00","dateModified":"2022-02-21T14:56:11+00:00","breadcrumb":{"@id":"https:\/\/annabelbenhaim.com\/fr\/mard\/#breadcrumb"},"inLanguage":"fr-FR","potentialAction":[{"@type":"ReadAction","target":["https:\/\/annabelbenhaim.com\/fr\/mard\/"]}]},{"@type":"BreadcrumbList","@id":"https:\/\/annabelbenhaim.com\/fr\/mard\/#breadcrumb","itemListElement":[{"@type":"ListItem","position":1,"name":"Home","item":"https:\/\/annabelbenhaim.com\/fr\/"},{"@type":"ListItem","position":2,"name":"MARD"}]}]}},"_links":{"self":[{"href":"https:\/\/annabelbenhaim.com\/fr\/wp-json\/wp\/v2\/pages\/998"}],"collection":[{"href":"https:\/\/annabelbenhaim.com\/fr\/wp-json\/wp\/v2\/pages"}],"about":[{"href":"https:\/\/annabelbenhaim.com\/fr\/wp-json\/wp\/v2\/types\/page"}],"author":[{"embeddable":true,"href":"https:\/\/annabelbenhaim.com\/fr\/wp-json\/wp\/v2\/users\/1"}],"replies":[{"embeddable":true,"href":"https:\/\/annabelbenhaim.com\/fr\/wp-json\/wp\/v2\/comments?post=998"}],"version-history":[{"count":18,"href":"https:\/\/annabelbenhaim.com\/fr\/wp-json\/wp\/v2\/pages\/998\/revisions"}],"predecessor-version":[{"id":1485,"href":"https:\/\/annabelbenhaim.com\/fr\/wp-json\/wp\/v2\/pages\/998\/revisions\/1485"}],"wp:attachment":[{"href":"https:\/\/annabelbenhaim.com\/fr\/wp-json\/wp\/v2\/media?parent=998"}],"curies":[{"name":"wp","href":"https:\/\/api.w.org\/{rel}","templated":true}]}}