{"id":987,"date":"2022-01-28T11:16:11","date_gmt":"2022-01-28T10:16:11","guid":{"rendered":"http:\/\/local-annabelbenhaim\/?page_id=987"},"modified":"2022-01-31T05:56:30","modified_gmt":"2022-01-31T04:56:30","slug":"arbitrage","status":"publish","type":"page","link":"https:\/\/annabelbenhaim.com\/fr\/arbitrage\/","title":{"rendered":"Arbitrage"},"content":{"rendered":"\t\t<div data-elementor-type=\"wp-page\" data-elementor-id=\"987\" class=\"elementor elementor-987\">\n\t\t\t\t\t\t<div class=\"elementor-inner\">\n\t\t\t\t<div class=\"elementor-section-wrap\">\n\t\t\t\t\t\t\t\t\t<section class=\"elementor-section elementor-top-section elementor-element elementor-element-d19c612 elementor-section-full_width elementor-section-height-default elementor-section-height-default exad-glass-effect-no exad-sticky-section-no\" data-id=\"d19c612\" data-element_type=\"section\" data-settings=\"{&quot;background_background&quot;:&quot;classic&quot;}\">\n\t\t\t\t\t\t\t<div class=\"elementor-background-overlay\"><\/div>\n\t\t\t\t\t\t\t<div class=\"elementor-container elementor-column-gap-default\">\n\t\t\t\t\t\t\t<div class=\"elementor-row\">\n\t\t\t\t\t<div class=\"elementor-column elementor-col-100 elementor-top-column elementor-element elementor-element-51d3cc2 exad-glass-effect-no exad-sticky-section-no\" data-id=\"51d3cc2\" data-element_type=\"column\">\n\t\t\t<div class=\"elementor-column-wrap elementor-element-populated\">\n\t\t\t\t\t\t\t<div class=\"elementor-widget-wrap\">\n\t\t\t\t\t\t<div class=\"elementor-element elementor-element-3d3a370 elementor-nav-menu__align-left elementor-nav-menu--dropdown-none exad-sticky-section-no exad-glass-effect-no elementor-widget elementor-widget-nav-menu\" data-id=\"3d3a370\" data-element_type=\"widget\" id=\"navModesAlternatifs\" data-settings=\"{&quot;layout&quot;:&quot;horizontal&quot;,&quot;submenu_icon&quot;:{&quot;value&quot;:&quot;&lt;i class=\\&quot;fas fa-caret-down\\&quot;&gt;&lt;\\\/i&gt;&quot;,&quot;library&quot;:&quot;fa-solid&quot;}}\" data-widget_type=\"nav-menu.default\">\n\t\t\t\t<div class=\"elementor-widget-container\">\n\t\t\t\t\t\t<nav migration_allowed=\"1\" migrated=\"0\" role=\"navigation\" class=\"elementor-nav-menu--main elementor-nav-menu__container elementor-nav-menu--layout-horizontal e--pointer-background e--animation-fade\">\n\t\t\t\t<ul id=\"menu-1-3d3a370\" class=\"elementor-nav-menu\"><li class=\"menu-item menu-item-type-post_type menu-item-object-page menu-item-997\"><a href=\"https:\/\/annabelbenhaim.com\/fr\/arbitrage\/\" class=\"elementor-item\">Arbitrage<\/a><\/li>\n<li class=\"menu-item menu-item-type-post_type menu-item-object-page menu-item-1001\"><a href=\"https:\/\/annabelbenhaim.com\/fr\/mard\/\" class=\"elementor-item\">MARD<\/a><\/li>\n<\/ul>\t\t\t<\/nav>\n\t\t\t\t\t<div class=\"elementor-menu-toggle\" role=\"button\" tabindex=\"0\" aria-label=\"Permuter le menu\" aria-expanded=\"false\">\n\t\t\t<i aria-hidden=\"true\" role=\"presentation\" class=\"elementor-menu-toggle__icon--open eicon-menu-bar\"><\/i><i aria-hidden=\"true\" role=\"presentation\" class=\"elementor-menu-toggle__icon--close eicon-close\"><\/i>\t\t\t<span class=\"elementor-screen-only\">Menu<\/span>\n\t\t<\/div>\n\t\t\t<nav class=\"elementor-nav-menu--dropdown elementor-nav-menu__container\" role=\"navigation\" aria-hidden=\"true\">\n\t\t\t\t<ul id=\"menu-2-3d3a370\" class=\"elementor-nav-menu\"><li class=\"menu-item menu-item-type-post_type menu-item-object-page menu-item-997\"><a href=\"https:\/\/annabelbenhaim.com\/fr\/arbitrage\/\" class=\"elementor-item\" tabindex=\"-1\">Arbitrage<\/a><\/li>\n<li class=\"menu-item menu-item-type-post_type menu-item-object-page menu-item-1001\"><a href=\"https:\/\/annabelbenhaim.com\/fr\/mard\/\" class=\"elementor-item\" tabindex=\"-1\">MARD<\/a><\/li>\n<\/ul>\t\t\t<\/nav>\n\t\t\t\t<\/div>\n\t\t\t\t<\/div>\n\t\t\t\t<div class=\"elementor-element elementor-element-f77dc18 exad-sticky-section-no exad-glass-effect-no elementor-widget elementor-widget-heading\" data-id=\"f77dc18\" data-element_type=\"widget\" data-widget_type=\"heading.default\">\n\t\t\t\t<div class=\"elementor-widget-container\">\n\t\t\t<h2 class=\"elementor-heading-title elementor-size-default\">Arbitrage<\/h2>\t\t<\/div>\n\t\t\t\t<\/div>\n\t\t\t\t<div class=\"elementor-element elementor-element-9e71587 exad-sticky-section-no exad-glass-effect-no elementor-widget elementor-widget-image\" data-id=\"9e71587\" data-element_type=\"widget\" data-widget_type=\"image.default\">\n\t\t\t\t<div class=\"elementor-widget-container\">\n\t\t\t\t\t\t\t\t<div class=\"elementor-image\">\n\t\t\t\t\t\t\t\t\t\t\t\t<img width=\"1\" height=\"1\" src=\"https:\/\/annabelbenhaim.com\/wp-content\/uploads\/2022\/01\/icone-arbitrage.svg\" class=\"attachment-medium size-medium\" alt=\"\" loading=\"lazy\" \/>\t\t\t\t\t\t\t\t\t\t\t\t\t\t<\/div>\n\t\t\t\t\t\t<\/div>\n\t\t\t\t<\/div>\n\t\t\t\t<div class=\"elementor-element elementor-element-ac9b771 exad-sticky-section-no exad-glass-effect-no elementor-widget elementor-widget-text-editor\" data-id=\"ac9b771\" data-element_type=\"widget\" data-widget_type=\"text-editor.default\">\n\t\t\t\t<div class=\"elementor-widget-container\">\n\t\t\t\t\t\t\t\t<div class=\"elementor-text-editor elementor-clearfix\">\n\t\t\t\t<span class=\"text-semi-bold\">L\u2019arbitrage institutionnel<\/span> est men\u00e9 conform\u00e9ment aux r\u00e8gles de proc\u00e9dure \u00e9dit\u00e9es par une institution d\u2019arbitrage.\nC\u2019est cette institution d\u00e9sign\u00e9e express\u00e9ment par les Parties dans la convention d\u2019arbitrage de leur contrat qui va ensuite g\u00e9rer la proc\u00e9dure. Ces institutions ont g\u00e9n\u00e9ralement leur propre r\u00e8glement d\u2019arbitrage auquel il faut se reporter pour le choix notamment des arbitres. Une \u00e9quipe de professionnels est pr\u00e9sente au sein de chaque institution d\u2019arbitrage pour organiser et administrer la proc\u00e9dure.\n\nLorsque l\u2019arbitrage est dit <span class=\"text-semi-bold\">\u00ab Ad Hoc \u00bb<\/span> il s\u2019agit d\u2019une proc\u00e9dure men\u00e9e sans recours \u00e0 une autorit\u00e9 administrative et donc habituellement sans l\u2019aide de r\u00e8gles de proc\u00e9dures institutionnelles. Ces r\u00e8gles pourront donc faire l\u2019objet d\u2019un d\u00e9bat au cours de la proc\u00e9dure entre les Parties qui devront alors coop\u00e9rer pour d\u00e9signer notamment les arbitres qui r\u00e9soudront le litige sans contr\u00f4le institutionnel.\n\n\nLe recours \u00e0 l\u2019arbitrage est pr\u00e9cieux notamment dans le cadre de litiges qui requi\u00e8rent l\u2019exp\u00e9rience d\u2019 experts de m\u00e9tiers. Il est \u00e9galement un atout concernant les d\u00e9lais de proc\u00e9dure qui peuvent \u00eatre plus ma\u00eetris\u00e9s.\n\n\nLe choix de l\u2019une ou l\u2019autre forme d\u2019arbitrage m\u00e9rite donc une analyse pr\u00e9cautionneuse par les Parties lors de la r\u00e9daction de la clause d\u2019arbitrage <span class=\"text-semi-bold\">(ou clause compromissoire)<\/span>, au del\u00e0 du seul crit\u00e8re des co\u00fbts de l\u2019institution.\t\t\t\t\t<\/div>\n\t\t\t\t\t\t<\/div>\n\t\t\t\t<\/div>\n\t\t\t\t<div class=\"elementor-element elementor-element-502d6d6 exad-sticky-section-no exad-glass-effect-no elementor-widget elementor-widget-heading\" data-id=\"502d6d6\" data-element_type=\"widget\" data-widget_type=\"heading.default\">\n\t\t\t\t<div class=\"elementor-widget-container\">\n\t\t\t<h3 class=\"elementor-heading-title elementor-size-default\">Avantages essentiels<\/h3>\t\t<\/div>\n\t\t\t\t<\/div>\n\t\t\t\t<div class=\"elementor-element elementor-element-daf9e10 exad-sticky-section-no exad-glass-effect-no elementor-widget elementor-widget-text-editor\" data-id=\"daf9e10\" data-element_type=\"widget\" data-widget_type=\"text-editor.default\">\n\t\t\t\t<div class=\"elementor-widget-container\">\n\t\t\t\t\t\t\t\t<div class=\"elementor-text-editor elementor-clearfix\">\n\t\t\t\t<span class=\"text-semi-bold\">Les proc\u00e9dures d\u2019arbitrage ne sont pas publiques.<\/span>\n\nLa <span class=\"text-semi-bold\">proc\u00e9dure d\u2019arbitrage <\/span> (y compris les auditions) n\u2019est pas accessible <span class=\"text-semi-bold\">au public<\/span>. Les parties et l\u2019arbitre sont souvent <span class=\"text-semi-bold\">soumis \u00e0 de r\u00e8gles strictes de confidentialit\u00e9<\/span>. Ainsi les secrets d\u2019affaires et les informations sensibles peuvent <span class=\"text-semi-bold\">\u00eatre prot\u00e9g\u00e9s de la curiosit\u00e9 du public<\/span>, de la presse et\/ou des concurrents.\t\t\t\t\t<\/div>\n\t\t\t\t\t\t<\/div>\n\t\t\t\t<\/div>\n\t\t\t\t<div class=\"elementor-element elementor-element-5c56832 exad-sticky-section-no exad-glass-effect-no elementor-widget elementor-widget-image\" data-id=\"5c56832\" data-element_type=\"widget\" data-widget_type=\"image.default\">\n\t\t\t\t<div class=\"elementor-widget-container\">\n\t\t\t\t\t\t\t\t<div class=\"elementor-image\">\n\t\t\t\t\t\t\t\t\t\t\t\t<img width=\"1\" height=\"1\" src=\"https:\/\/annabelbenhaim.com\/wp-content\/uploads\/2022\/01\/icone-procedure-arbitrage.svg\" class=\"attachment-large size-large\" alt=\"\" loading=\"lazy\" \/>\t\t\t\t\t\t\t\t\t\t\t\t\t\t<\/div>\n\t\t\t\t\t\t<\/div>\n\t\t\t\t<\/div>\n\t\t\t\t<div class=\"elementor-element elementor-element-f9064a9 exad-sticky-section-no exad-glass-effect-no elementor-widget elementor-widget-heading\" data-id=\"f9064a9\" data-element_type=\"widget\" data-widget_type=\"heading.default\">\n\t\t\t\t<div class=\"elementor-widget-container\">\n\t\t\t<h4 class=\"elementor-heading-title elementor-size-default\">Les arbitres sont des experts.<\/h4>\t\t<\/div>\n\t\t\t\t<\/div>\n\t\t\t\t<div class=\"elementor-element elementor-element-31438bf exad-sticky-section-no exad-glass-effect-no elementor-widget elementor-widget-text-editor\" data-id=\"31438bf\" data-element_type=\"widget\" data-widget_type=\"text-editor.default\">\n\t\t\t\t<div class=\"elementor-widget-container\">\n\t\t\t\t\t\t\t\t<div class=\"elementor-text-editor elementor-clearfix\">\n\t\t\t\tLes parties sont enti\u00e8rement libres du choix de l\u2019arbitre, \u00e0 condition que celui-ci soit <span class=\"text-semi-bold\">impartial et ind\u00e9pendant<\/span>. Les arbitres peuvent \u00eatre choisis parmi des nationalit\u00e9s et des professions diverses. Ceci garantit l\u2019<span class=\"text-semi-bold\">expertise personnelle et professionnelle<\/span> de ceux qui tranchent un litige.\t\t\t\t\t<\/div>\n\t\t\t\t\t\t<\/div>\n\t\t\t\t<\/div>\n\t\t\t\t<div class=\"elementor-element elementor-element-ed03d9b exad-sticky-section-no exad-glass-effect-no elementor-widget elementor-widget-image\" data-id=\"ed03d9b\" data-element_type=\"widget\" data-widget_type=\"image.default\">\n\t\t\t\t<div class=\"elementor-widget-container\">\n\t\t\t\t\t\t\t\t<div class=\"elementor-image\">\n\t\t\t\t\t\t\t\t\t\t\t\t<img width=\"1\" height=\"1\" src=\"https:\/\/annabelbenhaim.com\/wp-content\/uploads\/2022\/01\/icone-arbitre.svg\" class=\"attachment-large size-large\" alt=\"\" loading=\"lazy\" \/>\t\t\t\t\t\t\t\t\t\t\t\t\t\t<\/div>\n\t\t\t\t\t\t<\/div>\n\t\t\t\t<\/div>\n\t\t\t\t<div class=\"elementor-element elementor-element-8f7a44e exad-sticky-section-no exad-glass-effect-no elementor-widget elementor-widget-heading\" data-id=\"8f7a44e\" data-element_type=\"widget\" data-widget_type=\"heading.default\">\n\t\t\t\t<div class=\"elementor-widget-container\">\n\t\t\t<h4 class=\"elementor-heading-title elementor-size-default\">Les sentences arbitrales sont susceptibles d\u2019ex\u00e9cution forc\u00e9e.<\/h4>\t\t<\/div>\n\t\t\t\t<\/div>\n\t\t\t\t<div class=\"elementor-element elementor-element-04c87a8 exad-sticky-section-no exad-glass-effect-no elementor-widget elementor-widget-text-editor\" data-id=\"04c87a8\" data-element_type=\"widget\" data-widget_type=\"text-editor.default\">\n\t\t\t\t<div class=\"elementor-widget-container\">\n\t\t\t\t\t\t\t\t<div class=\"elementor-text-editor elementor-clearfix\">\n\t\t\t\tLes sentences arbitrales sont <span class=\"text-semi-bold\">susceptibles d\u2019ex\u00e9cution forc\u00e9e en France et \u00e0 l\u2019\u00e9tranger<\/span>. Gr\u00e2ce \u00e0 la Convention de New York pour la reconnaissance et l\u2019ex\u00e9cution des sentences arbitrales \u00e9trang\u00e8res de 1958, les sentences arbitrales peuvent \u00eatre ex\u00e9cut\u00e9es dans de nombreux pays <span class=\"text-semi-bold\">plus facilement<\/span> que <span class=\"text-semi-bold\">les d\u00e9cisions de tribunaux \u00e9tatiques<\/span>.\t\t\t\t\t<\/div>\n\t\t\t\t\t\t<\/div>\n\t\t\t\t<\/div>\n\t\t\t\t<div class=\"elementor-element elementor-element-012a7c1 exad-sticky-section-no exad-glass-effect-no elementor-widget elementor-widget-image\" data-id=\"012a7c1\" data-element_type=\"widget\" data-widget_type=\"image.default\">\n\t\t\t\t<div class=\"elementor-widget-container\">\n\t\t\t\t\t\t\t\t<div class=\"elementor-image\">\n\t\t\t\t\t\t\t\t\t\t\t\t<img width=\"1\" height=\"1\" src=\"https:\/\/annabelbenhaim.com\/wp-content\/uploads\/2022\/01\/icone-marteau.svg\" class=\"attachment-large size-large\" alt=\"\" loading=\"lazy\" \/>\t\t\t\t\t\t\t\t\t\t\t\t\t\t<\/div>\n\t\t\t\t\t\t<\/div>\n\t\t\t\t<\/div>\n\t\t\t\t<div class=\"elementor-element elementor-element-02dec53 exad-sticky-section-no exad-glass-effect-no elementor-widget elementor-widget-heading\" data-id=\"02dec53\" data-element_type=\"widget\" data-widget_type=\"heading.default\">\n\t\t\t\t<div class=\"elementor-widget-container\">\n\t\t\t<h4 class=\"elementor-heading-title elementor-size-default\">Les proc\u00e9dures d\u2019arbitrage peuvent permettre de gagner du temps et de l\u2019argent.<\/h4>\t\t<\/div>\n\t\t\t\t<\/div>\n\t\t\t\t<div class=\"elementor-element elementor-element-553aa5f exad-sticky-section-no exad-glass-effect-no elementor-widget elementor-widget-text-editor\" data-id=\"553aa5f\" data-element_type=\"widget\" data-widget_type=\"text-editor.default\">\n\t\t\t\t<div class=\"elementor-widget-container\">\n\t\t\t\t\t\t\t\t<div class=\"elementor-text-editor elementor-clearfix\">\n\t\t\t\tLes <span class=\"text-semi-bold\">proc\u00e9dures adapt\u00e9es sur mesure <\/span> et l\u2019impossibilit\u00e9 de faire appel et\/ou de demander une r\u00e9vision de la sentence permettent de <span class=\"text-semi-bold\">conclure une proc\u00e9dure d\u2019arbitrage dans un laps de temps<\/span> relativement court. D\u2019autres co\u00fbts peuvent \u00eatre \u00e9conomis\u00e9s par le choix d\u2019une langue courante de n\u00e9gociation et\/ou d\u2019un lieu de r\u00e9union facile d\u2019acc\u00e8s, car ainsi des <span class=\"text-semi-bold\">frais inutiles<\/span> de traduction et\/ou de voyage peuvent \u00eatre <span class=\"text-semi-bold\">\u00e9vit\u00e9s<\/span>.\t\t\t\t\t<\/div>\n\t\t\t\t\t\t<\/div>\n\t\t\t\t<\/div>\n\t\t\t\t<div class=\"elementor-element elementor-element-8fe2db1 exad-sticky-section-no exad-glass-effect-no elementor-widget elementor-widget-image\" data-id=\"8fe2db1\" data-element_type=\"widget\" data-widget_type=\"image.default\">\n\t\t\t\t<div class=\"elementor-widget-container\">\n\t\t\t\t\t\t\t\t<div class=\"elementor-image\">\n\t\t\t\t\t\t\t\t\t\t\t\t<img width=\"1\" height=\"1\" src=\"https:\/\/annabelbenhaim.com\/wp-content\/uploads\/2022\/01\/icone-monnaie.svg\" class=\"attachment-large size-large\" alt=\"\" loading=\"lazy\" \/>\t\t\t\t\t\t\t\t\t\t\t\t\t\t<\/div>\n\t\t\t\t\t\t<\/div>\n\t\t\t\t<\/div>\n\t\t\t\t<div class=\"elementor-element elementor-element-bb359f1 elementor-align-center exad-sticky-section-no exad-glass-effect-no elementor-widget elementor-widget-button\" data-id=\"bb359f1\" data-element_type=\"widget\" data-widget_type=\"button.default\">\n\t\t\t\t<div class=\"elementor-widget-container\">\n\t\t\t\t\t<div class=\"elementor-button-wrapper\">\n\t\t\t<a href=\"\/mard\" class=\"elementor-button-link elementor-button elementor-size-sm\" role=\"button\">\n\t\t\t\t\t\t<span class=\"elementor-button-content-wrapper\">\n\t\t\t\t\t\t<span class=\"elementor-button-text\">D\u00e9couvrir les MARD<\/span>\n\t\t<\/span>\n\t\t\t\t\t<\/a>\n\t\t<\/div>\n\t\t\t\t<\/div>\n\t\t\t\t<\/div>\n\t\t\t\t\t\t<\/div>\n\t\t\t\t\t<\/div>\n\t\t<\/div>\n\t\t\t\t\t\t\t\t<\/div>\n\t\t\t\t\t<\/div>\n\t\t<\/section>\n\t\t\t\t\t\t\t\t\t<\/div>\n\t\t\t<\/div>\n\t\t\t\t\t<\/div>\n\t\t","protected":false},"excerpt":{"rendered":"<p>Arbitrage L\u2019arbitrage institutionnel est men\u00e9 conform\u00e9ment aux r\u00e8gles de proc\u00e9dure \u00e9dit\u00e9es par une institution d\u2019arbitrage. C\u2019est cette institution d\u00e9sign\u00e9e express\u00e9ment par les Parties dans la convention d\u2019arbitrage de leur contrat qui va ensuite g\u00e9rer la proc\u00e9dure. Ces institutions ont g\u00e9n\u00e9ralement leur propre r\u00e8glement d\u2019arbitrage auquel il faut se reporter pour le choix notamment des arbitres. [&hellip;]<\/p>\n","protected":false},"author":1,"featured_media":0,"parent":0,"menu_order":0,"comment_status":"closed","ping_status":"closed","template":"elementor_header_footer","meta":[],"yoast_head":"<!-- This site is optimized with the Yoast SEO plugin v18.4.1 - https:\/\/yoast.com\/wordpress\/plugins\/seo\/ -->\n<title>Arbitrage - Annabel Benha\u00efm<\/title>\n<meta name=\"robots\" content=\"index, follow, max-snippet:-1, max-image-preview:large, max-video-preview:-1\" \/>\n<link rel=\"canonical\" href=\"https:\/\/annabelbenhaim.com\/fr\/arbitrage\/\" \/>\n<meta property=\"og:locale\" content=\"fr_FR\" \/>\n<meta property=\"og:type\" content=\"article\" \/>\n<meta property=\"og:title\" content=\"Arbitrage - Annabel Benha\u00efm\" \/>\n<meta property=\"og:description\" content=\"Arbitrage L\u2019arbitrage institutionnel est men\u00e9 conform\u00e9ment aux r\u00e8gles de proc\u00e9dure \u00e9dit\u00e9es par une institution d\u2019arbitrage. C\u2019est cette institution d\u00e9sign\u00e9e express\u00e9ment par les Parties dans la convention d\u2019arbitrage de leur contrat qui va ensuite g\u00e9rer la proc\u00e9dure. Ces institutions ont g\u00e9n\u00e9ralement leur propre r\u00e8glement d\u2019arbitrage auquel il faut se reporter pour le choix notamment des arbitres. [&hellip;]\" \/>\n<meta property=\"og:url\" content=\"https:\/\/annabelbenhaim.com\/fr\/arbitrage\/\" \/>\n<meta property=\"og:site_name\" content=\"Annabel Benha\u00efm\" \/>\n<meta property=\"article:modified_time\" content=\"2022-01-31T04:56:30+00:00\" \/>\n<meta property=\"og:image\" content=\"http:\/\/local-annabelbenhaim\/wp-content\/uploads\/2022\/01\/icone-arbitrage.svg\" \/>\n<meta name=\"twitter:card\" content=\"summary_large_image\" \/>\n<meta name=\"twitter:label1\" content=\"Dur\u00e9e de lecture estim\u00e9e\" \/>\n\t<meta name=\"twitter:data1\" content=\"3 minutes\" \/>\n<script type=\"application\/ld+json\" class=\"yoast-schema-graph\">{\"@context\":\"https:\/\/schema.org\",\"@graph\":[{\"@type\":[\"Person\",\"Organization\"],\"@id\":\"https:\/\/annabelbenhaim.com\/fr\/#\/schema\/person\/e935133cbdfe5e3bfc09c5909d3b6b8d\",\"name\":\"Annabel Benha\u00efm\",\"image\":{\"@type\":\"ImageObject\",\"@id\":\"https:\/\/annabelbenhaim.com\/fr\/#personlogo\",\"inLanguage\":\"fr-FR\",\"url\":\"https:\/\/secure.gravatar.com\/avatar\/ed0e35628909e2320b69223e27e26c48?s=96&d=mm&r=g\",\"contentUrl\":\"https:\/\/secure.gravatar.com\/avatar\/ed0e35628909e2320b69223e27e26c48?s=96&d=mm&r=g\",\"caption\":\"Annabel Benha\u00efm\"},\"logo\":{\"@id\":\"https:\/\/annabelbenhaim.com\/fr\/#personlogo\"},\"sameAs\":[\"http:\/\/annabelbenhaim.com\"]},{\"@type\":\"WebSite\",\"@id\":\"https:\/\/annabelbenhaim.com\/fr\/#website\",\"url\":\"https:\/\/annabelbenhaim.com\/fr\/\",\"name\":\"annabel benhaim\",\"description\":\"Avocat aux Barreaux de Paris et New York\",\"publisher\":{\"@id\":\"https:\/\/annabelbenhaim.com\/fr\/#\/schema\/person\/e935133cbdfe5e3bfc09c5909d3b6b8d\"},\"potentialAction\":[{\"@type\":\"SearchAction\",\"target\":{\"@type\":\"EntryPoint\",\"urlTemplate\":\"https:\/\/annabelbenhaim.com\/fr\/?s={search_term_string}\"},\"query-input\":\"required name=search_term_string\"}],\"inLanguage\":\"fr-FR\"},{\"@type\":\"ImageObject\",\"@id\":\"https:\/\/annabelbenhaim.com\/en\/arbitrage\/#primaryimage\",\"inLanguage\":\"fr-FR\",\"url\":\"http:\/\/local-annabelbenhaim\/wp-content\/uploads\/2022\/01\/icone-arbitrage.svg\",\"contentUrl\":\"http:\/\/local-annabelbenhaim\/wp-content\/uploads\/2022\/01\/icone-arbitrage.svg\"},{\"@type\":\"WebPage\",\"@id\":\"https:\/\/annabelbenhaim.com\/en\/arbitrage\/#webpage\",\"url\":\"https:\/\/annabelbenhaim.com\/en\/arbitrage\/\",\"name\":\"Arbitrage - Annabel Benha\u00efm\",\"isPartOf\":{\"@id\":\"https:\/\/annabelbenhaim.com\/fr\/#website\"},\"primaryImageOfPage\":{\"@id\":\"https:\/\/annabelbenhaim.com\/en\/arbitrage\/#primaryimage\"},\"datePublished\":\"2022-01-28T10:16:11+00:00\",\"dateModified\":\"2022-01-31T04:56:30+00:00\",\"breadcrumb\":{\"@id\":\"https:\/\/annabelbenhaim.com\/en\/arbitrage\/#breadcrumb\"},\"inLanguage\":\"fr-FR\",\"potentialAction\":[{\"@type\":\"ReadAction\",\"target\":[\"https:\/\/annabelbenhaim.com\/en\/arbitrage\/\"]}]},{\"@type\":\"BreadcrumbList\",\"@id\":\"https:\/\/annabelbenhaim.com\/en\/arbitrage\/#breadcrumb\",\"itemListElement\":[{\"@type\":\"ListItem\",\"position\":1,\"name\":\"Home\",\"item\":\"https:\/\/annabelbenhaim.com\/fr\/\"},{\"@type\":\"ListItem\",\"position\":2,\"name\":\"Arbitrage\"}]}]}<\/script>\n<!-- \/ Yoast SEO plugin. -->","yoast_head_json":{"title":"Arbitrage - Annabel Benha\u00efm","robots":{"index":"index","follow":"follow","max-snippet":"max-snippet:-1","max-image-preview":"max-image-preview:large","max-video-preview":"max-video-preview:-1"},"canonical":"https:\/\/annabelbenhaim.com\/fr\/arbitrage\/","og_locale":"fr_FR","og_type":"article","og_title":"Arbitrage - Annabel Benha\u00efm","og_description":"Arbitrage L\u2019arbitrage institutionnel est men\u00e9 conform\u00e9ment aux r\u00e8gles de proc\u00e9dure \u00e9dit\u00e9es par une institution d\u2019arbitrage. C\u2019est cette institution d\u00e9sign\u00e9e express\u00e9ment par les Parties dans la convention d\u2019arbitrage de leur contrat qui va ensuite g\u00e9rer la proc\u00e9dure. Ces institutions ont g\u00e9n\u00e9ralement leur propre r\u00e8glement d\u2019arbitrage auquel il faut se reporter pour le choix notamment des arbitres. [&hellip;]","og_url":"https:\/\/annabelbenhaim.com\/fr\/arbitrage\/","og_site_name":"Annabel Benha\u00efm","article_modified_time":"2022-01-31T04:56:30+00:00","og_image":[{"url":"http:\/\/local-annabelbenhaim\/wp-content\/uploads\/2022\/01\/icone-arbitrage.svg"}],"twitter_card":"summary_large_image","twitter_misc":{"Dur\u00e9e de lecture estim\u00e9e":"3 minutes"},"schema":{"@context":"https:\/\/schema.org","@graph":[{"@type":["Person","Organization"],"@id":"https:\/\/annabelbenhaim.com\/fr\/#\/schema\/person\/e935133cbdfe5e3bfc09c5909d3b6b8d","name":"Annabel Benha\u00efm","image":{"@type":"ImageObject","@id":"https:\/\/annabelbenhaim.com\/fr\/#personlogo","inLanguage":"fr-FR","url":"https:\/\/secure.gravatar.com\/avatar\/ed0e35628909e2320b69223e27e26c48?s=96&d=mm&r=g","contentUrl":"https:\/\/secure.gravatar.com\/avatar\/ed0e35628909e2320b69223e27e26c48?s=96&d=mm&r=g","caption":"Annabel Benha\u00efm"},"logo":{"@id":"https:\/\/annabelbenhaim.com\/fr\/#personlogo"},"sameAs":["http:\/\/annabelbenhaim.com"]},{"@type":"WebSite","@id":"https:\/\/annabelbenhaim.com\/fr\/#website","url":"https:\/\/annabelbenhaim.com\/fr\/","name":"annabel benhaim","description":"Avocat aux Barreaux de Paris et New York","publisher":{"@id":"https:\/\/annabelbenhaim.com\/fr\/#\/schema\/person\/e935133cbdfe5e3bfc09c5909d3b6b8d"},"potentialAction":[{"@type":"SearchAction","target":{"@type":"EntryPoint","urlTemplate":"https:\/\/annabelbenhaim.com\/fr\/?s={search_term_string}"},"query-input":"required name=search_term_string"}],"inLanguage":"fr-FR"},{"@type":"ImageObject","@id":"https:\/\/annabelbenhaim.com\/en\/arbitrage\/#primaryimage","inLanguage":"fr-FR","url":"http:\/\/local-annabelbenhaim\/wp-content\/uploads\/2022\/01\/icone-arbitrage.svg","contentUrl":"http:\/\/local-annabelbenhaim\/wp-content\/uploads\/2022\/01\/icone-arbitrage.svg"},{"@type":"WebPage","@id":"https:\/\/annabelbenhaim.com\/en\/arbitrage\/#webpage","url":"https:\/\/annabelbenhaim.com\/en\/arbitrage\/","name":"Arbitrage - Annabel Benha\u00efm","isPartOf":{"@id":"https:\/\/annabelbenhaim.com\/fr\/#website"},"primaryImageOfPage":{"@id":"https:\/\/annabelbenhaim.com\/en\/arbitrage\/#primaryimage"},"datePublished":"2022-01-28T10:16:11+00:00","dateModified":"2022-01-31T04:56:30+00:00","breadcrumb":{"@id":"https:\/\/annabelbenhaim.com\/en\/arbitrage\/#breadcrumb"},"inLanguage":"fr-FR","potentialAction":[{"@type":"ReadAction","target":["https:\/\/annabelbenhaim.com\/en\/arbitrage\/"]}]},{"@type":"BreadcrumbList","@id":"https:\/\/annabelbenhaim.com\/en\/arbitrage\/#breadcrumb","itemListElement":[{"@type":"ListItem","position":1,"name":"Home","item":"https:\/\/annabelbenhaim.com\/fr\/"},{"@type":"ListItem","position":2,"name":"Arbitrage"}]}]}},"_links":{"self":[{"href":"https:\/\/annabelbenhaim.com\/fr\/wp-json\/wp\/v2\/pages\/987"}],"collection":[{"href":"https:\/\/annabelbenhaim.com\/fr\/wp-json\/wp\/v2\/pages"}],"about":[{"href":"https:\/\/annabelbenhaim.com\/fr\/wp-json\/wp\/v2\/types\/page"}],"author":[{"embeddable":true,"href":"https:\/\/annabelbenhaim.com\/fr\/wp-json\/wp\/v2\/users\/1"}],"replies":[{"embeddable":true,"href":"https:\/\/annabelbenhaim.com\/fr\/wp-json\/wp\/v2\/comments?post=987"}],"version-history":[{"count":0,"href":"https:\/\/annabelbenhaim.com\/fr\/wp-json\/wp\/v2\/pages\/987\/revisions"}],"wp:attachment":[{"href":"https:\/\/annabelbenhaim.com\/fr\/wp-json\/wp\/v2\/media?parent=987"}],"curies":[{"name":"wp","href":"https:\/\/api.w.org\/{rel}","templated":true}]}}