{"id":1021,"date":"2022-01-28T18:14:02","date_gmt":"2022-01-28T17:14:02","guid":{"rendered":"http:\/\/local-annabelbenhaim\/?page_id=1021"},"modified":"2022-02-22T22:59:15","modified_gmt":"2022-02-22T21:59:15","slug":"contact","status":"publish","type":"page","link":"https:\/\/annabelbenhaim.com\/en\/contact\/","title":{"rendered":"Contact"},"content":{"rendered":"<div data-elementor-type=\"wp-page\" data-elementor-id=\"1021\" class=\"elementor elementor-1021\">\n\t\t\t\t\t\t<div class=\"elementor-inner\">\n\t\t\t\t<div class=\"elementor-section-wrap\">\n\t\t\t\t\t\t\t\t\t<section class=\"elementor-section elementor-top-section elementor-element elementor-element-6659df6 elementor-section-full_width elementor-section-height-default elementor-section-height-default exad-glass-effect-no exad-sticky-section-no\" data-id=\"6659df6\" data-element_type=\"section\">\n\t\t\t\t\t\t<div class=\"elementor-container elementor-column-gap-default\">\n\t\t\t\t\t\t\t<div class=\"elementor-row\">\n\t\t\t\t\t<div class=\"elementor-column elementor-col-100 elementor-top-column elementor-element elementor-element-41acfe2 exad-glass-effect-no exad-sticky-section-no\" data-id=\"41acfe2\" data-element_type=\"column\">\n\t\t\t<div class=\"elementor-column-wrap elementor-element-populated\">\n\t\t\t\t\t\t\t<div class=\"elementor-widget-wrap\">\n\t\t\t\t\t\t<div class=\"elementor-element elementor-element-5a9302f exad-sticky-section-no exad-glass-effect-no elementor-widget elementor-widget-heading\" data-id=\"5a9302f\" data-element_type=\"widget\" data-widget_type=\"heading.default\">\n\t\t\t\t<div class=\"elementor-widget-container\">\n\t\t\t<h1 class=\"elementor-heading-title elementor-size-default\">Where to contact us<\/h1>\t\t<\/div>\n\t\t\t\t<\/div>\n\t\t\t\t<section class=\"elementor-section elementor-inner-section elementor-element elementor-element-aaa4f28 elementor-section-full_width elementor-section-height-default elementor-section-height-default exad-glass-effect-no exad-sticky-section-no\" data-id=\"aaa4f28\" data-element_type=\"section\">\n\t\t\t\t\t\t<div class=\"elementor-container elementor-column-gap-default\">\n\t\t\t\t\t\t\t<div class=\"elementor-row\">\n\t\t\t\t\t<div class=\"elementor-column elementor-col-50 elementor-inner-column elementor-element elementor-element-cec6442 exad-glass-effect-no exad-sticky-section-no\" data-id=\"cec6442\" data-element_type=\"column\">\n\t\t\t<div class=\"elementor-column-wrap elementor-element-populated\">\n\t\t\t\t\t\t\t<div class=\"elementor-widget-wrap\">\n\t\t\t\t\t\t<div class=\"elementor-element elementor-element-c7b3af1 exad-sticky-section-no exad-glass-effect-no elementor-widget elementor-widget-heading\" data-id=\"c7b3af1\" data-element_type=\"widget\" data-widget_type=\"heading.default\">\n\t\t\t\t<div class=\"elementor-widget-container\">\n\t\t\t<h2 class=\"elementor-heading-title elementor-size-default\">Are you interested ? Leave us a message<\/h2>\t\t<\/div>\n\t\t\t\t<\/div>\n\t\t\t\t<div class=\"elementor-element elementor-element-74fc964 eael-wpforms-form-button-custom exad-sticky-section-no exad-glass-effect-no elementor-widget elementor-widget-eael-wpforms\" data-id=\"74fc964\" data-element_type=\"widget\" data-widget_type=\"eael-wpforms.default\">\n\t\t\t\t<div class=\"elementor-widget-container\">\n\t\t\t            <div class=\"eael-contact-form eael-wpforms eael-contact-form-align-default\">\n                                <div class=\"wpforms-container wpforms-container-full\" id=\"wpforms-1024\"><form id=\"wpforms-form-1024\" class=\"wpforms-validate wpforms-form wpforms-ajax-form\" data-formid=\"1024\" method=\"post\" enctype=\"multipart\/form-data\" action=\"\/en\/wp-json\/wp\/v2\/pages\/1021\" data-token=\"650b44f66513eb7f28843a949002bc01\" data-trp-original-action=\"\/en\/wp-json\/wp\/v2\/pages\/1021\"><noscript class=\"wpforms-error-noscript\">Please enable JavaScript in your browser to complete this form.<\/noscript><div class=\"wpforms-field-container\"><div id=\"wpforms-1024-field_0-container\" class=\"wpforms-field wpforms-field-name wpforms-one-half wpforms-first\" data-field-id=\"0\"><label class=\"wpforms-field-label wpforms-label-hide\" for=\"wpforms-1024-field_0\">Name <span class=\"wpforms-required-label\">*<\/span><\/label><input type=\"text\" id=\"wpforms-1024-field_0\" class=\"wpforms-field-medium wpforms-field-required\" name=\"wpforms[fields][0]\" placeholder=\"Name\" required><\/div><div id=\"wpforms-1024-field_4-container\" class=\"wpforms-field wpforms-field-text wpforms-one-half\" data-field-id=\"4\"><label class=\"wpforms-field-label wpforms-label-hide\" for=\"wpforms-1024-field_4\">Phone<\/label><input type=\"text\" id=\"wpforms-1024-field_4\" class=\"wpforms-field-medium wpforms-masked-input\" data-inputmask-mask=\"9999999999\" data-rule-empty-blanks=\"1\" name=\"wpforms[fields][4]\" placeholder=\"Phone\" ><\/div><div id=\"wpforms-1024-field_1-container\" class=\"wpforms-field wpforms-field-email\" data-field-id=\"1\"><label class=\"wpforms-field-label wpforms-label-hide\" for=\"wpforms-1024-field_1\">Email <span class=\"wpforms-required-label\">*<\/span><\/label><input type=\"email\" id=\"wpforms-1024-field_1\" class=\"wpforms-field-medium wpforms-field-required\" name=\"wpforms[fields][1]\" placeholder=\"E-mail\" required><\/div><div id=\"wpforms-1024-field_5-container\" class=\"wpforms-field wpforms-field-text\" data-field-id=\"5\"><label class=\"wpforms-field-label wpforms-label-hide\" for=\"wpforms-1024-field_5\">Company<\/label><input type=\"text\" id=\"wpforms-1024-field_5\" class=\"wpforms-field-medium\" name=\"wpforms[fields][5]\" placeholder=\"Company\" ><\/div><div id=\"wpforms-1024-field_2-container\" class=\"wpforms-field wpforms-field-textarea\" data-field-id=\"2\"><label class=\"wpforms-field-label wpforms-label-hide\" for=\"wpforms-1024-field_2\">Message <span class=\"wpforms-required-label\">*<\/span><\/label><textarea id=\"wpforms-1024-field_2\" class=\"wpforms-field-medium wpforms-field-required\" name=\"wpforms[fields][2]\" placeholder=\"Message\" required><\/textarea><\/div><\/div><div class=\"wpforms-submit-container\"><input type=\"hidden\" name=\"wpforms[id]\" value=\"1024\"><input type=\"hidden\" name=\"wpforms[author]\" value=\"1\"><button type=\"submit\" name=\"wpforms[submit]\" id=\"wpforms-submit-1024\" class=\"wpforms-submit\" data-alt-text=\"Envoi en cours...\" data-submit-text=\"Envoyer\" aria-live=\"assertive\" value=\"wpforms-submit\">Send<\/button><img loading=\"lazy\" src=\"https:\/\/annabelbenhaim.com\/wp-content\/plugins\/wpforms-lite\/assets\/images\/submit-spin.svg\" class=\"wpforms-submit-spinner\" style=\"display: none;\" width=\"26\" height=\"26\" alt=\"\"><\/div><input type=\"hidden\" name=\"trp-form-language\" value=\"en\"\/><\/form><\/div>  <!-- .wpforms-container -->            <\/div>\n\t\t<\/div>\n\t\t\t\t<\/div>\n\t\t\t\t\t\t<\/div>\n\t\t\t\t\t<\/div>\n\t\t<\/div>\n\t\t\t\t<div class=\"elementor-column elementor-col-50 elementor-inner-column elementor-element elementor-element-97e643e exad-glass-effect-no exad-sticky-section-no\" data-id=\"97e643e\" data-element_type=\"column\">\n\t\t\t<div class=\"elementor-column-wrap elementor-element-populated\">\n\t\t\t\t\t\t\t<div class=\"elementor-widget-wrap\">\n\t\t\t\t\t\t<div class=\"elementor-element elementor-element-bc2c57c exad-sticky-section-no exad-glass-effect-no elementor-widget elementor-widget-heading\" data-id=\"bc2c57c\" data-element_type=\"widget\" data-widget_type=\"heading.default\">\n\t\t\t\t<div class=\"elementor-widget-container\">\n\t\t\t<h1 class=\"elementor-heading-title elementor-size-default\">Our office<\/h1>\t\t<\/div>\n\t\t\t\t<\/div>\n\t\t\t\t<div class=\"elementor-element elementor-element-6d929d2 exad-sticky-section-no exad-glass-effect-no elementor-widget elementor-widget-text-editor\" data-id=\"6d929d2\" data-element_type=\"widget\" data-widget_type=\"text-editor.default\">\n\t\t\t\t<div class=\"elementor-widget-container\">\n\t\t\t\t\t\t\t\t<div class=\"elementor-text-editor elementor-clearfix\">\n\t\t\t\t<p>52 rue des dames,<\/p><p>75017 Paris<\/p>\t\t\t\t\t<\/div>\n\t\t\t\t\t\t<\/div>\n\t\t\t\t<\/div>\n\t\t\t\t<section class=\"elementor-section elementor-inner-section elementor-element elementor-element-fc427be elementor-section-content-middle elementor-section-boxed elementor-section-height-default elementor-section-height-default exad-glass-effect-no exad-sticky-section-no\" data-id=\"fc427be\" data-element_type=\"section\" id=\"metroSection\">\n\t\t\t\t\t\t<div class=\"elementor-container elementor-column-gap-default\">\n\t\t\t\t\t\t\t<div class=\"elementor-row\">\n\t\t\t\t\t<div class=\"elementor-column elementor-col-33 elementor-inner-column elementor-element elementor-element-3ff2ff5 width-fit-content exad-glass-effect-no exad-sticky-section-no\" data-id=\"3ff2ff5\" data-element_type=\"column\">\n\t\t\t<div class=\"elementor-column-wrap elementor-element-populated\">\n\t\t\t\t\t\t\t<div class=\"elementor-widget-wrap\">\n\t\t\t\t\t\t<div class=\"elementor-element elementor-element-9f57f37 width-fit-content exad-sticky-section-no exad-glass-effect-no elementor-widget elementor-widget-image\" data-id=\"9f57f37\" data-element_type=\"widget\" data-widget_type=\"image.default\">\n\t\t\t\t<div class=\"elementor-widget-container\">\n\t\t\t\t\t\t\t\t<div class=\"elementor-image\">\n\t\t\t\t\t\t\t\t\t\t\t\t<img width=\"1\" height=\"1\" src=\"https:\/\/annabelbenhaim.com\/wp-content\/uploads\/2022\/01\/icone-metro14.svg\" class=\"attachment-medium size-medium\" alt=\"\" loading=\"lazy\" \/>\t\t\t\t\t\t\t\t\t\t\t\t\t\t<\/div>\n\t\t\t\t\t\t<\/div>\n\t\t\t\t<\/div>\n\t\t\t\t\t\t<\/div>\n\t\t\t\t\t<\/div>\n\t\t<\/div>\n\t\t\t\t<div class=\"elementor-column elementor-col-66 elementor-inner-column elementor-element elementor-element-e7d76a4 width-fit-content exad-glass-effect-no exad-sticky-section-no\" data-id=\"e7d76a4\" data-element_type=\"column\">\n\t\t\t<div class=\"elementor-column-wrap elementor-element-populated\">\n\t\t\t\t\t\t\t<div class=\"elementor-widget-wrap\">\n\t\t\t\t\t\t<div class=\"elementor-element elementor-element-c88fdc4 exad-sticky-section-no exad-glass-effect-no elementor-widget elementor-widget-heading\" data-id=\"c88fdc4\" data-element_type=\"widget\" data-widget_type=\"heading.default\">\n\t\t\t\t<div class=\"elementor-widget-container\">\n\t\t\t<h3 class=\"elementor-heading-title elementor-size-default\">Pont Cardinet<\/h3>\t\t<\/div>\n\t\t\t\t<\/div>\n\t\t\t\t\t\t<\/div>\n\t\t\t\t\t<\/div>\n\t\t<\/div>\n\t\t\t\t\t\t\t\t<\/div>\n\t\t\t\t\t<\/div>\n\t\t<\/section>\n\t\t\t\t<div class=\"elementor-element elementor-element-eaba8ed elementor-align-left elementor-mobile-align-center exad-sticky-section-no exad-glass-effect-no elementor-widget elementor-widget-button\" data-id=\"eaba8ed\" data-element_type=\"widget\" id=\"seeOnMapBtn\" data-widget_type=\"button.default\">\n\t\t\t\t<div class=\"elementor-widget-container\">\n\t\t\t\t\t<div class=\"elementor-button-wrapper\">\n\t\t\t<a class=\"elementor-button elementor-size-sm\" role=\"button\">\n\t\t\t\t\t\t<span class=\"elementor-button-content-wrapper\">\n\t\t\t\t\t\t<span class=\"elementor-button-text\">See on the map<\/span>\n\t\t<\/span>\n\t\t\t\t\t<\/a>\n\t\t<\/div>\n\t\t\t\t<\/div>\n\t\t\t\t<\/div>\n\t\t\t\t<div class=\"elementor-element elementor-element-c14a044 exad-sticky-section-no exad-glass-effect-no elementor-widget elementor-widget-image\" data-id=\"c14a044\" data-element_type=\"widget\" data-widget_type=\"image.default\">\n\t\t\t\t<div class=\"elementor-widget-container\">\n\t\t\t\t\t\t\t\t<div class=\"elementor-image\">\n\t\t\t\t\t\t\t\t\t\t\t\t<img width=\"1024\" height=\"461\" src=\"https:\/\/annabelbenhaim.com\/wp-content\/uploads\/2022\/02\/220214_GROUPE-2-scaled-e1645566546508-1024x461.jpg\" class=\"attachment-large size-large\" alt=\"\" loading=\"lazy\" srcset=\"https:\/\/annabelbenhaim.com\/wp-content\/uploads\/2022\/02\/220214_GROUPE-2-scaled-e1645566546508-1024x461.jpg 1024w, https:\/\/annabelbenhaim.com\/wp-content\/uploads\/2022\/02\/220214_GROUPE-2-scaled-e1645566546508-300x135.jpg 300w, https:\/\/annabelbenhaim.com\/wp-content\/uploads\/2022\/02\/220214_GROUPE-2-scaled-e1645566546508-768x346.jpg 768w, https:\/\/annabelbenhaim.com\/wp-content\/uploads\/2022\/02\/220214_GROUPE-2-scaled-e1645566546508-1536x691.jpg 1536w, https:\/\/annabelbenhaim.com\/wp-content\/uploads\/2022\/02\/220214_GROUPE-2-scaled-e1645566546508-2048x922.jpg 2048w, https:\/\/annabelbenhaim.com\/wp-content\/uploads\/2022\/02\/220214_GROUPE-2-scaled-e1645566546508-18x8.jpg 18w, https:\/\/annabelbenhaim.com\/wp-content\/uploads\/2022\/02\/220214_GROUPE-2-scaled-e1645566546508-345x155.jpg 345w\" sizes=\"(max-width: 1024px) 100vw, 1024px\" \/>\t\t\t\t\t\t\t\t\t\t\t\t\t\t<\/div>\n\t\t\t\t\t\t<\/div>\n\t\t\t\t<\/div>\n\t\t\t\t\t\t<\/div>\n\t\t\t\t\t<\/div>\n\t\t<\/div>\n\t\t\t\t\t\t\t\t<\/div>\n\t\t\t\t\t<\/div>\n\t\t<\/section>\n\t\t\t\t<div class=\"elementor-element elementor-element-f97bfcc exad-sticky-section-no exad-glass-effect-no elementor-widget elementor-widget-spacer\" data-id=\"f97bfcc\" data-element_type=\"widget\" data-widget_type=\"spacer.default\">\n\t\t\t\t<div class=\"elementor-widget-container\">\n\t\t\t\t\t<div class=\"elementor-spacer\">\n\t\t\t<div class=\"elementor-spacer-inner\"><\/div>\n\t\t<\/div>\n\t\t\t\t<\/div>\n\t\t\t\t<\/div>\n\t\t\t\t<div class=\"elementor-element elementor-element-fab12e9 exad-sticky-section-no exad-glass-effect-no elementor-widget elementor-widget-google_maps\" data-id=\"fab12e9\" data-element_type=\"widget\" id=\"googleMaps\" data-widget_type=\"google_maps.default\">\n\t\t\t\t<div class=\"elementor-widget-container\">\n\t\t\t\t\t<div class=\"elementor-custom-embed\">\n\t\t\t<iframe frameborder=\"0\" scrolling=\"no\" marginheight=\"0\" marginwidth=\"0\"\n\t\t\t\t\tsrc=\"https:\/\/maps.google.com\/maps?q=52%20rue%20des%20Dames%2C%2075017%20Paris&#038;t=m&#038;z=18&#038;output=embed&#038;iwloc=near\"\n\t\t\t\t\ttitle=\"52 rue des Dames, 75017 Paris\"\n\t\t\t\t\taria-label=\"52 rue des Dames, 75017 Paris\"\n\t\t\t><\/iframe>\n\t\t<\/div>\n\t\t\t\t<\/div>\n\t\t\t\t<\/div>\n\t\t\t\t\t\t<\/div>\n\t\t\t\t\t<\/div>\n\t\t<\/div>\n\t\t\t\t\t\t\t\t<\/div>\n\t\t\t\t\t<\/div>\n\t\t<\/section>\n\t\t\t\t\t\t\t\t\t<\/div>\n\t\t\t<\/div>\n\t\t\t\t\t<\/div>","protected":false},"excerpt":{"rendered":"<p>O\u00f9 nous contacter Vous \u00eates int\u00e9ress\u00e9s ? Laissez-nous un message Veuillez activer JavaScript dans votre navigateur pour remplir ce formulaire.Nom *T\u00e9l\u00e9phoneEmail *EntrepriseMessage * Envoyer Notre cabinet 52 rue des dames, 75017 Paris Pont Cardinet Voir sur la carte<\/p>","protected":false},"author":1,"featured_media":0,"parent":0,"menu_order":0,"comment_status":"closed","ping_status":"closed","template":"elementor_header_footer","meta":[],"yoast_head":"<!-- This site is optimized with the Yoast SEO plugin v18.4.1 - https:\/\/yoast.com\/wordpress\/plugins\/seo\/ -->\n<title>Contact - Annabel Benha\u00efm<\/title>\n<meta name=\"robots\" content=\"index, follow, max-snippet:-1, max-image-preview:large, max-video-preview:-1\" \/>\n<link rel=\"canonical\" href=\"https:\/\/annabelbenhaim.com\/en\/contact\/\" \/>\n<meta property=\"og:locale\" content=\"en_US\" \/>\n<meta property=\"og:type\" content=\"article\" \/>\n<meta property=\"og:title\" content=\"Contact - Annabel Benha\u00efm\" \/>\n<meta property=\"og:description\" content=\"O\u00f9 nous contacter Vous \u00eates int\u00e9ress\u00e9s ? Laissez-nous un message Veuillez activer JavaScript dans votre navigateur pour remplir ce formulaire.Nom *T\u00e9l\u00e9phoneEmail *EntrepriseMessage * Envoyer Notre cabinet 52 rue des dames, 75017 Paris Pont Cardinet Voir sur la carte\" \/>\n<meta property=\"og:url\" content=\"https:\/\/annabelbenhaim.com\/en\/contact\/\" \/>\n<meta property=\"og:site_name\" content=\"Annabel Benha\u00efm\" \/>\n<meta property=\"article:modified_time\" content=\"2022-02-22T21:59:15+00:00\" \/>\n<meta property=\"og:image\" content=\"https:\/\/preprod-annabelbenhaim.home-construct.online\/wp-content\/plugins\/wpforms-lite\/assets\/images\/submit-spin.svg\" \/>\n<meta name=\"twitter:card\" content=\"summary_large_image\" \/>\n<meta name=\"twitter:label1\" content=\"Est. reading time\" \/>\n\t<meta name=\"twitter:data1\" content=\"1 minute\" \/>\n<script type=\"application\/ld+json\" class=\"yoast-schema-graph\">{\"@context\":\"https:\/\/schema.org\",\"@graph\":[{\"@type\":[\"Person\",\"Organization\"],\"@id\":\"https:\/\/annabelbenhaim.com\/fr\/#\/schema\/person\/e935133cbdfe5e3bfc09c5909d3b6b8d\",\"name\":\"Annabel Benha\u00efm\",\"image\":{\"@type\":\"ImageObject\",\"@id\":\"https:\/\/annabelbenhaim.com\/fr\/#personlogo\",\"inLanguage\":\"en-US\",\"url\":\"https:\/\/secure.gravatar.com\/avatar\/ed0e35628909e2320b69223e27e26c48?s=96&d=mm&r=g\",\"contentUrl\":\"https:\/\/secure.gravatar.com\/avatar\/ed0e35628909e2320b69223e27e26c48?s=96&d=mm&r=g\",\"caption\":\"Annabel Benha\u00efm\"},\"logo\":{\"@id\":\"https:\/\/annabelbenhaim.com\/fr\/#personlogo\"},\"sameAs\":[\"http:\/\/annabelbenhaim.com\"]},{\"@type\":\"WebSite\",\"@id\":\"https:\/\/annabelbenhaim.com\/fr\/#website\",\"url\":\"https:\/\/annabelbenhaim.com\/fr\/\",\"name\":\"annabel benhaim\",\"description\":\"Avocat aux Barreaux de Paris et New York\",\"publisher\":{\"@id\":\"https:\/\/annabelbenhaim.com\/fr\/#\/schema\/person\/e935133cbdfe5e3bfc09c5909d3b6b8d\"},\"potentialAction\":[{\"@type\":\"SearchAction\",\"target\":{\"@type\":\"EntryPoint\",\"urlTemplate\":\"https:\/\/annabelbenhaim.com\/fr\/?s={search_term_string}\"},\"query-input\":\"required name=search_term_string\"}],\"inLanguage\":\"en-US\"},{\"@type\":\"ImageObject\",\"@id\":\"https:\/\/annabelbenhaim.com\/en\/contact\/#primaryimage\",\"inLanguage\":\"en-US\",\"url\":\"https:\/\/preprod-annabelbenhaim.home-construct.online\/wp-content\/plugins\/wpforms-lite\/assets\/images\/submit-spin.svg\",\"contentUrl\":\"https:\/\/preprod-annabelbenhaim.home-construct.online\/wp-content\/plugins\/wpforms-lite\/assets\/images\/submit-spin.svg\"},{\"@type\":\"WebPage\",\"@id\":\"https:\/\/annabelbenhaim.com\/en\/contact\/#webpage\",\"url\":\"https:\/\/annabelbenhaim.com\/en\/contact\/\",\"name\":\"Contact - Annabel Benha\u00efm\",\"isPartOf\":{\"@id\":\"https:\/\/annabelbenhaim.com\/fr\/#website\"},\"primaryImageOfPage\":{\"@id\":\"https:\/\/annabelbenhaim.com\/en\/contact\/#primaryimage\"},\"datePublished\":\"2022-01-28T17:14:02+00:00\",\"dateModified\":\"2022-02-22T21:59:15+00:00\",\"breadcrumb\":{\"@id\":\"https:\/\/annabelbenhaim.com\/en\/contact\/#breadcrumb\"},\"inLanguage\":\"en-US\",\"potentialAction\":[{\"@type\":\"ReadAction\",\"target\":[\"https:\/\/annabelbenhaim.com\/en\/contact\/\"]}]},{\"@type\":\"BreadcrumbList\",\"@id\":\"https:\/\/annabelbenhaim.com\/en\/contact\/#breadcrumb\",\"itemListElement\":[{\"@type\":\"ListItem\",\"position\":1,\"name\":\"Home\",\"item\":\"https:\/\/annabelbenhaim.com\/fr\/\"},{\"@type\":\"ListItem\",\"position\":2,\"name\":\"Contact\"}]}]}<\/script>\n<!-- \/ Yoast SEO plugin. -->","yoast_head_json":{"title":"Contact - Annabel Benha\u00efm","robots":{"index":"index","follow":"follow","max-snippet":"max-snippet:-1","max-image-preview":"max-image-preview:large","max-video-preview":"max-video-preview:-1"},"canonical":"https:\/\/annabelbenhaim.com\/en\/contact\/","og_locale":"en_US","og_type":"article","og_title":"Contact - Annabel Benha\u00efm","og_description":"O\u00f9 nous contacter Vous \u00eates int\u00e9ress\u00e9s ? Laissez-nous un message Veuillez activer JavaScript dans votre navigateur pour remplir ce formulaire.Nom *T\u00e9l\u00e9phoneEmail *EntrepriseMessage * Envoyer Notre cabinet 52 rue des dames, 75017 Paris Pont Cardinet Voir sur la carte","og_url":"https:\/\/annabelbenhaim.com\/en\/contact\/","og_site_name":"Annabel Benha\u00efm","article_modified_time":"2022-02-22T21:59:15+00:00","og_image":[{"url":"https:\/\/preprod-annabelbenhaim.home-construct.online\/wp-content\/plugins\/wpforms-lite\/assets\/images\/submit-spin.svg"}],"twitter_card":"summary_large_image","twitter_misc":{"Est. reading time":"1 minute"},"schema":{"@context":"https:\/\/schema.org","@graph":[{"@type":["Person","Organization"],"@id":"https:\/\/annabelbenhaim.com\/fr\/#\/schema\/person\/e935133cbdfe5e3bfc09c5909d3b6b8d","name":"Annabel Benha\u00efm","image":{"@type":"ImageObject","@id":"https:\/\/annabelbenhaim.com\/fr\/#personlogo","inLanguage":"en-US","url":"https:\/\/secure.gravatar.com\/avatar\/ed0e35628909e2320b69223e27e26c48?s=96&d=mm&r=g","contentUrl":"https:\/\/secure.gravatar.com\/avatar\/ed0e35628909e2320b69223e27e26c48?s=96&d=mm&r=g","caption":"Annabel Benha\u00efm"},"logo":{"@id":"https:\/\/annabelbenhaim.com\/fr\/#personlogo"},"sameAs":["http:\/\/annabelbenhaim.com"]},{"@type":"WebSite","@id":"https:\/\/annabelbenhaim.com\/fr\/#website","url":"https:\/\/annabelbenhaim.com\/fr\/","name":"annabel benhaim","description":"Avocat aux Barreaux de Paris et New York","publisher":{"@id":"https:\/\/annabelbenhaim.com\/fr\/#\/schema\/person\/e935133cbdfe5e3bfc09c5909d3b6b8d"},"potentialAction":[{"@type":"SearchAction","target":{"@type":"EntryPoint","urlTemplate":"https:\/\/annabelbenhaim.com\/fr\/?s={search_term_string}"},"query-input":"required name=search_term_string"}],"inLanguage":"en-US"},{"@type":"ImageObject","@id":"https:\/\/annabelbenhaim.com\/en\/contact\/#primaryimage","inLanguage":"en-US","url":"https:\/\/preprod-annabelbenhaim.home-construct.online\/wp-content\/plugins\/wpforms-lite\/assets\/images\/submit-spin.svg","contentUrl":"https:\/\/preprod-annabelbenhaim.home-construct.online\/wp-content\/plugins\/wpforms-lite\/assets\/images\/submit-spin.svg"},{"@type":"WebPage","@id":"https:\/\/annabelbenhaim.com\/en\/contact\/#webpage","url":"https:\/\/annabelbenhaim.com\/en\/contact\/","name":"Contact - Annabel Benha\u00efm","isPartOf":{"@id":"https:\/\/annabelbenhaim.com\/fr\/#website"},"primaryImageOfPage":{"@id":"https:\/\/annabelbenhaim.com\/en\/contact\/#primaryimage"},"datePublished":"2022-01-28T17:14:02+00:00","dateModified":"2022-02-22T21:59:15+00:00","breadcrumb":{"@id":"https:\/\/annabelbenhaim.com\/en\/contact\/#breadcrumb"},"inLanguage":"en-US","potentialAction":[{"@type":"ReadAction","target":["https:\/\/annabelbenhaim.com\/en\/contact\/"]}]},{"@type":"BreadcrumbList","@id":"https:\/\/annabelbenhaim.com\/en\/contact\/#breadcrumb","itemListElement":[{"@type":"ListItem","position":1,"name":"Home","item":"https:\/\/annabelbenhaim.com\/fr\/"},{"@type":"ListItem","position":2,"name":"Contact"}]}]}},"_links":{"self":[{"href":"https:\/\/annabelbenhaim.com\/en\/wp-json\/wp\/v2\/pages\/1021"}],"collection":[{"href":"https:\/\/annabelbenhaim.com\/en\/wp-json\/wp\/v2\/pages"}],"about":[{"href":"https:\/\/annabelbenhaim.com\/en\/wp-json\/wp\/v2\/types\/page"}],"author":[{"embeddable":true,"href":"https:\/\/annabelbenhaim.com\/en\/wp-json\/wp\/v2\/users\/1"}],"replies":[{"embeddable":true,"href":"https:\/\/annabelbenhaim.com\/en\/wp-json\/wp\/v2\/comments?post=1021"}],"version-history":[{"count":10,"href":"https:\/\/annabelbenhaim.com\/en\/wp-json\/wp\/v2\/pages\/1021\/revisions"}],"predecessor-version":[{"id":1490,"href":"https:\/\/annabelbenhaim.com\/en\/wp-json\/wp\/v2\/pages\/1021\/revisions\/1490"}],"wp:attachment":[{"href":"https:\/\/annabelbenhaim.com\/en\/wp-json\/wp\/v2\/media?parent=1021"}],"curies":[{"name":"wp","href":"https:\/\/api.w.org\/{rel}","templated":true}]}}